{"id":203,"date":"2025-09-10T08:31:52","date_gmt":"2025-09-10T08:31:52","guid":{"rendered":"https:\/\/experience-media.com\/services\/"},"modified":"2025-10-02T12:56:18","modified_gmt":"2025-10-02T12:56:18","slug":"services","status":"publish","type":"page","link":"http:\/\/experience-media.com\/en\/leistungen\/","title":{"rendered":"Services"},"content":{"rendered":"\t\t<div data-elementor-type=\"wp-page\" data-elementor-id=\"203\" class=\"elementor elementor-203\" data-elementor-post-type=\"page\">\n\t\t\t\t<div class=\"elementor-element elementor-element-5d2de0b6 e-flex e-con-boxed e-con e-parent\" data-id=\"5d2de0b6\" data-element_type=\"container\">\n\t\t\t\t\t<div class=\"e-con-inner\">\n\t\t\t\t<div class=\"elementor-element elementor-element-bf74b elementor-hidden-mobile elementor-widget elementor-widget-image\" data-id=\"bf74b\" data-element_type=\"widget\" data-settings=\"{&quot;motion_fx_motion_fx_scrolling&quot;:&quot;yes&quot;,&quot;motion_fx_scale_effect&quot;:&quot;yes&quot;,&quot;motion_fx_scale_speed&quot;:{&quot;unit&quot;:&quot;px&quot;,&quot;size&quot;:2,&quot;sizes&quot;:[]},&quot;motion_fx_scale_range&quot;:{&quot;unit&quot;:&quot;%&quot;,&quot;size&quot;:&quot;&quot;,&quot;sizes&quot;:{&quot;start&quot;:65,&quot;end&quot;:100}},&quot;motion_fx_scale_direction&quot;:&quot;out-in&quot;,&quot;motion_fx_devices&quot;:[&quot;desktop&quot;,&quot;tablet&quot;,&quot;mobile&quot;]}\" data-widget_type=\"image.default\">\n\t\t\t\t\t\t\t\t\t\t\t\t\t\t\t<img fetchpriority=\"high\" decoding=\"async\" width=\"2561\" height=\"1515\" src=\"https:\/\/experience-media.com\/wp-content\/uploads\/2025\/09\/Hintergrund-temp.png\" class=\"attachment-full size-full wp-image-10\" alt=\"Hintergrundbild Experience Media\" srcset=\"https:\/\/experience-media.com\/wp-content\/uploads\/2025\/09\/Hintergrund-temp.png 2561w, https:\/\/experience-media.com\/wp-content\/uploads\/2025\/09\/Hintergrund-temp-300x177.png 300w, https:\/\/experience-media.com\/wp-content\/uploads\/2025\/09\/Hintergrund-temp-1024x606.png 1024w, https:\/\/experience-media.com\/wp-content\/uploads\/2025\/09\/Hintergrund-temp-768x454.png 768w, https:\/\/experience-media.com\/wp-content\/uploads\/2025\/09\/Hintergrund-temp-1536x909.png 1536w, https:\/\/experience-media.com\/wp-content\/uploads\/2025\/09\/Hintergrund-temp-2048x1212.png 2048w\" sizes=\"(max-width: 2561px) 100vw, 2561px\" \/>\t\t\t\t\t\t\t\t\t\t\t\t\t\t\t<\/div>\n\t\t<div class=\"elementor-element elementor-element-23f30c9c e-flex e-con-boxed e-con e-child\" data-id=\"23f30c9c\" data-element_type=\"container\">\n\t\t\t\t\t<div class=\"e-con-inner\">\n\t\t\t\t<div class=\"elementor-element elementor-element-36ce7349 elementor-invisible elementor-widget elementor-widget-text-editor\" data-id=\"36ce7349\" data-element_type=\"widget\" data-settings=\"{&quot;_animation&quot;:&quot;fadeInUp&quot;}\" data-widget_type=\"text-editor.default\">\n\t\t\t\t\t\t\t\t\t<p>Return on Experience<\/p>\t\t\t\t\t\t\t\t<\/div>\n\t\t\t\t<div class=\"elementor-element elementor-element-157af5dc elementor-widget elementor-widget-heading\" data-id=\"157af5dc\" data-element_type=\"widget\" data-widget_type=\"heading.default\">\n\t\t\t\t\t<h1 class=\"elementor-heading-title elementor-size-default\">Erlebnisgestaltung als Erfolgsfaktor<\/h1>\t\t\t\t<\/div>\n\t\t<div class=\"elementor-element elementor-element-5875a14 e-con-full e-flex e-con e-child\" data-id=\"5875a14\" data-element_type=\"container\">\n\t\t\t\t<div class=\"elementor-element elementor-element-c2918aa elementor-widget elementor-widget-text-editor\" data-id=\"c2918aa\" data-element_type=\"widget\" data-widget_type=\"text-editor.default\">\n\t\t\t\t\t\t\t\t\t<p>Wir sind \u00dcbersetzer zwischen menschlichen Erfahrungswelten und technologischen M\u00f6glichkeiten. Jede unserer L\u00f6sungen beginnt mit einer einfachen Frage: <em>Wie soll sich der Mensch f\u00fchlen?<\/em><\/p>\t\t\t\t\t\t\t\t<\/div>\n\t\t\t\t<\/div>\n\t\t\t\t\t<\/div>\n\t\t\t\t<\/div>\n\t\t\t\t\t<\/div>\n\t\t\t\t<\/div>\n\t\t<div class=\"elementor-element elementor-element-6d240b74 e-flex e-con-boxed e-con e-parent\" data-id=\"6d240b74\" data-element_type=\"container\" data-settings=\"{&quot;background_background&quot;:&quot;classic&quot;}\">\n\t\t\t\t\t<div class=\"e-con-inner\">\n\t\t<div class=\"elementor-element elementor-element-1cbf0ad7 e-con-full e-flex e-con e-child\" data-id=\"1cbf0ad7\" data-element_type=\"container\">\n\t\t\t\t<div class=\"elementor-element elementor-element-11f7be4f elementor-widget elementor-widget-text-editor\" data-id=\"11f7be4f\" data-element_type=\"widget\" data-widget_type=\"text-editor.default\">\n\t\t\t\t\t\t\t\t\t<p>Von der Vision zum emotionalen Erlebnis<\/p>\t\t\t\t\t\t\t\t<\/div>\n\t\t\t\t<div class=\"elementor-element elementor-element-7a69e2b4 elementor-widget elementor-widget-heading\" data-id=\"7a69e2b4\" data-element_type=\"widget\" data-widget_type=\"heading.default\">\n\t\t\t\t\t<h2 class=\"elementor-heading-title elementor-size-default\">Strategische Beratung &amp; Konzept-entwicklung<\/h2>\t\t\t\t<\/div>\n\t\t\t\t<\/div>\n\t\t<div class=\"elementor-element elementor-element-720605b3 e-con-full e-flex e-con e-child\" data-id=\"720605b3\" data-element_type=\"container\">\n\t\t<div class=\"elementor-element elementor-element-2f33558b e-con-full e-flex e-con e-child\" data-id=\"2f33558b\" data-element_type=\"container\">\n\t\t\t\t<div class=\"elementor-element elementor-element-59191255 elementor-widget elementor-widget-text-editor\" data-id=\"59191255\" data-element_type=\"widget\" data-widget_type=\"text-editor.default\">\n\t\t\t\t\t\t\t\t\t<p>Bevor ein Pixel leuchtet oder ein Sensor reagiert, entwickeln wir die emotionale DNA Ihres Projekts. Wir \u00fcbersetzen Ihre Gesch\u00e4ftsziele in Gef\u00fchle und diese Gef\u00fchle in umsetzbare Technologie-Konzepte. Unsere strategische Beratung umfasst Emotional Journey Mapping, Experience Strategy Development und ROX-Prognosen. Das Ergebnis: Klare Roadmaps, die Emotionen zu messbaren Gesch\u00e4ftsergebnissen machen.<\/p>\t\t\t\t\t\t\t\t<\/div>\n\t\t\t\t<div class=\"elementor-element elementor-element-9b9d58b elementor-widget elementor-widget-button\" data-id=\"9b9d58b\" data-element_type=\"widget\" data-widget_type=\"button.default\">\n\t\t\t\t\t\t\t\t\t\t<a class=\"elementor-button elementor-button-link elementor-size-sm\" href=\"https:\/\/experience-media.com\/unser-ansatz\">\n\t\t\t\t\t\t<span class=\"elementor-button-content-wrapper\">\n\t\t\t\t\t\t\t\t\t<span class=\"elementor-button-text\">Unser Ansatz<\/span>\n\t\t\t\t\t<\/span>\n\t\t\t\t\t<\/a>\n\t\t\t\t\t\t\t\t<\/div>\n\t\t\t\t<\/div>\n\t\t\t\t<\/div>\n\t\t\t\t\t<\/div>\n\t\t\t\t<\/div>\n\t\t<div class=\"elementor-element elementor-element-3491e1b e-flex e-con-boxed e-con e-parent\" data-id=\"3491e1b\" data-element_type=\"container\">\n\t\t\t\t\t<div class=\"e-con-inner\">\n\t\t<div class=\"elementor-element elementor-element-18b02d0c e-con-full e-flex e-con e-child\" data-id=\"18b02d0c\" data-element_type=\"container\">\n\t\t<div class=\"elementor-element elementor-element-35416e45 e-con-full e-flex e-con e-child\" data-id=\"35416e45\" data-element_type=\"container\">\n\t\t\t\t<div class=\"elementor-element elementor-element-26aa4319 elementor-widget elementor-widget-text-editor\" data-id=\"26aa4319\" data-element_type=\"widget\" data-widget_type=\"text-editor.default\">\n\t\t\t\t\t\t\t\t\t<p class=\"whitespace-normal break-words\">Die beste emotionale Strategie nutzt nichts ohne brillante technische Umsetzung. Wir entwickeln Technologie-Architekturen, die emotionale Wirkungen erzeugen und Menschen ber\u00fchren &#8211; von LED-Modulen und audiovisueller Technik bis hin zu KI-gest\u00fctzten Multisensorik-L\u00f6sungen mit Prosound-Systemen.<\/p><p class=\"whitespace-normal break-words\">Dabei verbinden wir verschiedene Tech-Welten zu nahtlosen Gesamterlebnissen. Von der Hardware-Auswahl nach emotionaler Wirksamkeit \u00fcber interaktive Stelen bis zur ausschreibungsreifen Dokumentation &#8211; Technologie wird zum Medium f\u00fcr unvergessliche Wow-Effekte.<\/p>\t\t\t\t\t\t\t\t<\/div>\n\t\t\t\t<div class=\"elementor-element elementor-element-8e8def6 elementor-widget elementor-widget-button\" data-id=\"8e8def6\" data-element_type=\"widget\" data-widget_type=\"button.default\">\n\t\t\t\t\t\t\t\t\t\t<a class=\"elementor-button elementor-button-link elementor-size-sm\" href=\"https:\/\/experience-media.com\/kontakt\">\n\t\t\t\t\t\t<span class=\"elementor-button-content-wrapper\">\n\t\t\t\t\t\t\t\t\t<span class=\"elementor-button-text\">Planung anfragen<\/span>\n\t\t\t\t\t<\/span>\n\t\t\t\t\t<\/a>\n\t\t\t\t\t\t\t\t<\/div>\n\t\t\t\t<\/div>\n\t\t\t\t<\/div>\n\t\t<div class=\"elementor-element elementor-element-7188d564 e-con-full e-flex e-con e-child\" data-id=\"7188d564\" data-element_type=\"container\">\n\t\t\t\t<div class=\"elementor-element elementor-element-6629c9e3 elementor-widget elementor-widget-text-editor\" data-id=\"6629c9e3\" data-element_type=\"widget\" data-widget_type=\"text-editor.default\">\n\t\t\t\t\t\t\t\t\t<p>Technologie, die Emotionen versteht<\/p>\t\t\t\t\t\t\t\t<\/div>\n\t\t\t\t<div class=\"elementor-element elementor-element-3bde6d74 elementor-widget elementor-widget-heading\" data-id=\"3bde6d74\" data-element_type=\"widget\" data-widget_type=\"heading.default\">\n\t\t\t\t\t<h2 class=\"elementor-heading-title elementor-size-default\">Technische Planung<\/h2>\t\t\t\t<\/div>\n\t\t\t\t<\/div>\n\t\t\t\t\t<\/div>\n\t\t\t\t<\/div>\n\t\t<div class=\"elementor-element elementor-element-677987e2 e-flex e-con-boxed e-con e-parent\" data-id=\"677987e2\" data-element_type=\"container\">\n\t\t\t\t\t<div class=\"e-con-inner\">\n\t\t<div class=\"elementor-element elementor-element-1f087431 e-con-full e-flex e-con e-child\" data-id=\"1f087431\" data-element_type=\"container\">\n\t\t\t\t<div class=\"elementor-element elementor-element-1fb27d10 elementor-widget elementor-widget-text-editor\" data-id=\"1fb27d10\" data-element_type=\"widget\" data-widget_type=\"text-editor.default\">\n\t\t\t\t\t\t\t\t\t<p>F\u00fchlen vor dem Bauen<\/p>\t\t\t\t\t\t\t\t<\/div>\n\t\t\t\t<div class=\"elementor-element elementor-element-1a685cc0 elementor-widget elementor-widget-heading\" data-id=\"1a685cc0\" data-element_type=\"widget\" data-widget_type=\"heading.default\">\n\t\t\t\t\t<h2 class=\"elementor-heading-title elementor-size-default\">Prototyping &amp; Innovation<\/h2>\t\t\t\t<\/div>\n\t\t\t\t<\/div>\n\t\t<div class=\"elementor-element elementor-element-5b353e7d e-con-full e-flex e-con e-child\" data-id=\"5b353e7d\" data-element_type=\"container\">\n\t\t<div class=\"elementor-element elementor-element-6fb9537d e-con-full e-flex e-con e-child\" data-id=\"6fb9537d\" data-element_type=\"container\">\n\t\t\t\t<div class=\"elementor-element elementor-element-7af9af89 elementor-widget elementor-widget-text-editor\" data-id=\"7af9af89\" data-element_type=\"widget\" data-widget_type=\"text-editor.default\">\n\t\t\t\t\t\t\t\t\t<p>Bevor ein Projekt entschieden wird, testen wir Konzepte in der Realit\u00e4t. Unsere Prototyping-Methodik macht emotionale Wirkungen schon vor der finalen Umsetzung sp\u00fcrbar und messbar. Von Mockups bis zu funktionsf\u00e4higen Technologie-Demos entwickeln wir Prototypen, die echte Nutzerreaktionen ausl\u00f6sen. So minimieren wir Risiken und maximieren die emotionale Treffsicherheit Ihrer finalen L\u00f6sung.<\/p>\t\t\t\t\t\t\t\t<\/div>\n\t\t\t\t<div class=\"elementor-element elementor-element-fbe9123 elementor-widget elementor-widget-button\" data-id=\"fbe9123\" data-element_type=\"widget\" data-widget_type=\"button.default\">\n\t\t\t\t\t\t\t\t\t\t<a class=\"elementor-button elementor-button-link elementor-size-sm\" href=\"https:\/\/experience-media.com\/unser-ansatz\">\n\t\t\t\t\t\t<span class=\"elementor-button-content-wrapper\">\n\t\t\t\t\t\t\t\t\t<span class=\"elementor-button-text\">Mehr erfahren<\/span>\n\t\t\t\t\t<\/span>\n\t\t\t\t\t<\/a>\n\t\t\t\t\t\t\t\t<\/div>\n\t\t\t\t<\/div>\n\t\t\t\t<\/div>\n\t\t\t\t\t<\/div>\n\t\t\t\t<\/div>\n\t\t<div class=\"elementor-element elementor-element-54fece91 e-flex e-con-boxed e-con e-parent\" data-id=\"54fece91\" data-element_type=\"container\">\n\t\t\t\t\t<div class=\"e-con-inner\">\n\t\t<div class=\"elementor-element elementor-element-7db92f6c e-con-full e-flex e-con e-child\" data-id=\"7db92f6c\" data-element_type=\"container\">\n\t\t<div class=\"elementor-element elementor-element-38938eb1 e-con-full e-flex e-con e-child\" data-id=\"38938eb1\" data-element_type=\"container\">\n\t\t\t\t<div class=\"elementor-element elementor-element-500e5e0d elementor-widget elementor-widget-text-editor\" data-id=\"500e5e0d\" data-element_type=\"widget\" data-widget_type=\"text-editor.default\">\n\t\t\t\t\t\t\t\t\t<p class=\"whitespace-normal break-words\">Die beste Technologie nutzt nichts, wenn Ihr Team nicht versteht, wie sie emotional wirkt. Unsere Workshops vermitteln, wie Sie den Menschen in den Mittelpunkt stellen &#8211; jenseits von reiner Technik-Fokussierung. Wir zeigen, wie emotionale Wirkungen entstehen und wie Ihr Team diese gezielt einsetzen kann.<\/p><p class=\"whitespace-normal break-words\">Von der Sensibilisierung f\u00fcr K\u00f6rpersprache und Raumwirkung \u00fcber praktische Embodiment-Elemente bis hin zu konkreten Anwendungsbeispielen &#8211; wir bef\u00e4higen Ihre Mitarbeiter, Technologie als emotionales Medium zu verstehen und zu nutzen.<\/p>\t\t\t\t\t\t\t\t<\/div>\n\t\t\t\t<div class=\"elementor-element elementor-element-d9b4581 elementor-widget elementor-widget-button\" data-id=\"d9b4581\" data-element_type=\"widget\" data-widget_type=\"button.default\">\n\t\t\t\t\t\t\t\t\t\t<a class=\"elementor-button elementor-button-link elementor-size-sm\" href=\"https:\/\/experience-media.com\/kontakt\">\n\t\t\t\t\t\t<span class=\"elementor-button-content-wrapper\">\n\t\t\t\t\t\t\t\t\t<span class=\"elementor-button-text\">Workshop anfragen<\/span>\n\t\t\t\t\t<\/span>\n\t\t\t\t\t<\/a>\n\t\t\t\t\t\t\t\t<\/div>\n\t\t\t\t<\/div>\n\t\t\t\t<\/div>\n\t\t<div class=\"elementor-element elementor-element-20bcea49 e-con-full e-flex e-con e-child\" data-id=\"20bcea49\" data-element_type=\"container\" data-settings=\"{&quot;background_background&quot;:&quot;slideshow&quot;,&quot;background_slideshow_gallery&quot;:[],&quot;background_slideshow_slide_duration&quot;:5000,&quot;background_slideshow_slide_transition&quot;:&quot;fade&quot;,&quot;background_slideshow_transition_duration&quot;:500}\">\n\t\t\t\t<div class=\"elementor-element elementor-element-572fd1d0 elementor-widget elementor-widget-text-editor\" data-id=\"572fd1d0\" data-element_type=\"widget\" data-widget_type=\"text-editor.default\">\n\t\t\t\t\t\t\t\t\t<p>Ihr Team wird zum Experience-Team<\/p>\t\t\t\t\t\t\t\t<\/div>\n\t\t\t\t<div class=\"elementor-element elementor-element-6623e3cd elementor-widget elementor-widget-heading\" data-id=\"6623e3cd\" data-element_type=\"widget\" data-widget_type=\"heading.default\">\n\t\t\t\t\t<h2 class=\"elementor-heading-title elementor-size-default\">Workshops &amp; Wissenstransfer<\/h2>\t\t\t\t<\/div>\n\t\t\t\t<\/div>\n\t\t\t\t\t<\/div>\n\t\t\t\t<\/div>\n\t\t\t\t<\/div>\n\t\t","protected":false},"excerpt":{"rendered":"<p>Return on Experience Erlebnisgestaltung als Erfolgsfaktor Wir sind \u00dcbersetzer zwischen menschlichen Erfahrungswelten und technologischen M\u00f6glichkeiten. Jede unserer L\u00f6sungen beginnt mit einer einfachen Frage: Wie soll sich der Mensch f\u00fchlen? Von der Vision zum emotionalen Erlebnis Strategische Beratung &amp; Konzept-entwicklung Bevor ein Pixel leuchtet oder ein Sensor reagiert, entwickeln wir die emotionale DNA Ihres Projekts. Wir [&hellip;]<\/p>\n","protected":false},"author":1,"featured_media":774,"parent":0,"menu_order":0,"comment_status":"closed","ping_status":"closed","template":"elementor_header_footer","meta":{"footnotes":""},"class_list":["post-203","page","type-page","status-publish","has-post-thumbnail","hentry"],"_links":{"self":[{"href":"http:\/\/experience-media.com\/en\/wp-json\/wp\/v2\/pages\/203","targetHints":{"allow":["GET"]}}],"collection":[{"href":"http:\/\/experience-media.com\/en\/wp-json\/wp\/v2\/pages"}],"about":[{"href":"http:\/\/experience-media.com\/en\/wp-json\/wp\/v2\/types\/page"}],"author":[{"embeddable":true,"href":"http:\/\/experience-media.com\/en\/wp-json\/wp\/v2\/users\/1"}],"replies":[{"embeddable":true,"href":"http:\/\/experience-media.com\/en\/wp-json\/wp\/v2\/comments?post=203"}],"version-history":[{"count":57,"href":"http:\/\/experience-media.com\/en\/wp-json\/wp\/v2\/pages\/203\/revisions"}],"predecessor-version":[{"id":825,"href":"http:\/\/experience-media.com\/en\/wp-json\/wp\/v2\/pages\/203\/revisions\/825"}],"wp:featuredmedia":[{"embeddable":true,"href":"http:\/\/experience-media.com\/en\/wp-json\/wp\/v2\/media\/774"}],"wp:attachment":[{"href":"http:\/\/experience-media.com\/en\/wp-json\/wp\/v2\/media?parent=203"}],"curies":[{"name":"wp","href":"https:\/\/api.w.org\/{rel}","templated":true}]}}