{"id":186,"date":"2025-09-10T08:31:50","date_gmt":"2025-09-10T08:31:50","guid":{"rendered":"https:\/\/experience-media.com\/about\/"},"modified":"2025-10-01T15:56:16","modified_gmt":"2025-10-01T15:56:16","slug":"about-us","status":"publish","type":"page","link":"https:\/\/experience-media.com\/en\/ueber-uns\/","title":{"rendered":"About us"},"content":{"rendered":"\t\t<div data-elementor-type=\"wp-page\" data-elementor-id=\"186\" class=\"elementor elementor-186\" data-elementor-post-type=\"page\">\n\t\t\t\t<div class=\"elementor-element elementor-element-1ca4fe5a e-flex e-con-boxed e-con e-parent\" data-id=\"1ca4fe5a\" data-element_type=\"container\">\n\t\t\t\t\t<div class=\"e-con-inner\">\n\t\t<div class=\"elementor-element elementor-element-4b544139 e-con-full e-flex e-con e-child\" data-id=\"4b544139\" data-element_type=\"container\">\n\t\t\t\t<div class=\"elementor-element elementor-element-78bb0c57 elementor-widget elementor-widget-heading\" data-id=\"78bb0c57\" data-element_type=\"widget\" data-widget_type=\"heading.default\">\n\t\t\t\t\t<h1 class=\"elementor-heading-title elementor-size-default\">Von der Emotion zur Technologie \u2013 nicht umgekehrt<\/h1>\t\t\t\t<\/div>\n\t\t\t\t<\/div>\n\t\t<div class=\"elementor-element elementor-element-10528809 e-con-full e-flex e-con e-child\" data-id=\"10528809\" data-element_type=\"container\">\n\t\t\t\t<div class=\"elementor-element elementor-element-592be505 elementor-widget elementor-widget-text-editor\" data-id=\"592be505\" data-element_type=\"widget\" data-widget_type=\"text-editor.default\">\n\t\t\t\t\t\t\t\t\t<p>Wir sind keine klassischen Berater. Wir sind \u00dcbersetzer zwischen Welten &#8211; Erlebnisingenieure:<\/p><p>Zwischen Emotion und Technologie, zwischen Vision und Umsetzung, zwischen dem, was Kunden f\u00fchlen sollen, und dem, was technisch m\u00f6glich ist.<\/p>\t\t\t\t\t\t\t\t<\/div>\n\t\t\t\t<\/div>\n\t\t\t\t\t<\/div>\n\t\t\t\t<\/div>\n\t\t<div class=\"elementor-element elementor-element-5bdea24e e-flex e-con-boxed e-con e-parent\" data-id=\"5bdea24e\" data-element_type=\"container\">\n\t\t\t\t\t<div class=\"e-con-inner\">\n\t\t\t\t<div class=\"elementor-element elementor-element-52e291d7 elementor-widget elementor-widget-image\" data-id=\"52e291d7\" data-element_type=\"widget\" data-settings=\"{&quot;motion_fx_motion_fx_scrolling&quot;:&quot;yes&quot;,&quot;motion_fx_scale_effect&quot;:&quot;yes&quot;,&quot;motion_fx_scale_speed&quot;:{&quot;unit&quot;:&quot;px&quot;,&quot;size&quot;:2,&quot;sizes&quot;:[]},&quot;motion_fx_scale_range&quot;:{&quot;unit&quot;:&quot;%&quot;,&quot;size&quot;:&quot;&quot;,&quot;sizes&quot;:{&quot;start&quot;:50,&quot;end&quot;:100}},&quot;motion_fx_scale_direction&quot;:&quot;out-in&quot;,&quot;motion_fx_devices&quot;:[&quot;desktop&quot;,&quot;tablet&quot;,&quot;mobile&quot;]}\" data-widget_type=\"image.default\">\n\t\t\t\t\t\t\t\t\t\t\t\t\t\t\t<img fetchpriority=\"high\" decoding=\"async\" width=\"1536\" height=\"1024\" src=\"https:\/\/experience-media.com\/wp-content\/uploads\/2025\/09\/Team-ExperienceMedia_lowres24-1536x1024.jpg\" class=\"attachment-1536x1536 size-1536x1536 wp-image-333\" alt=\"Experience Media Team\" srcset=\"https:\/\/experience-media.com\/wp-content\/uploads\/2025\/09\/Team-ExperienceMedia_lowres24-1536x1024.jpg 1536w, https:\/\/experience-media.com\/wp-content\/uploads\/2025\/09\/Team-ExperienceMedia_lowres24-300x200.jpg 300w, https:\/\/experience-media.com\/wp-content\/uploads\/2025\/09\/Team-ExperienceMedia_lowres24-1024x683.jpg 1024w, https:\/\/experience-media.com\/wp-content\/uploads\/2025\/09\/Team-ExperienceMedia_lowres24-768x512.jpg 768w, https:\/\/experience-media.com\/wp-content\/uploads\/2025\/09\/Team-ExperienceMedia_lowres24.jpg 1620w\" sizes=\"(max-width: 1536px) 100vw, 1536px\" \/>\t\t\t\t\t\t\t\t\t\t\t\t\t\t\t<\/div>\n\t\t\t\t\t<\/div>\n\t\t\t\t<\/div>\n\t\t<div class=\"elementor-element elementor-element-17067ea9 e-flex e-con-boxed e-con e-parent\" data-id=\"17067ea9\" data-element_type=\"container\">\n\t\t\t\t\t<div class=\"e-con-inner\">\n\t\t\t\t<div class=\"elementor-element elementor-element-18a0cbca elementor-invisible elementor-widget elementor-widget-heading\" data-id=\"18a0cbca\" data-element_type=\"widget\" data-settings=\"{&quot;_animation&quot;:&quot;fadeInUp&quot;}\" data-widget_type=\"heading.default\">\n\t\t\t\t\t<h2 class=\"elementor-heading-title elementor-size-default\">Unser Ziel<\/h2>\t\t\t\t<\/div>\n\t\t\t\t<div class=\"elementor-element elementor-element-3618946c elementor-widget elementor-widget-heading\" data-id=\"3618946c\" data-element_type=\"widget\" data-widget_type=\"heading.default\">\n\t\t\t\t\t<h2 class=\"elementor-heading-title elementor-size-default\">Drei Welten, eine Vision: Technologie, die Menschen ber\u00fchrt<\/h2>\t\t\t\t<\/div>\n\t\t\t\t<div class=\"elementor-element elementor-element-6ca43ff elementor-widget elementor-widget-text-editor\" data-id=\"6ca43ff\" data-element_type=\"widget\" data-widget_type=\"text-editor.default\">\n\t\t\t\t\t\t\t\t\t<p>Wir erschaffen den magischen Moment, in dem Technologie ihr emotionales Potenzial entfaltet. Jeden Tag \u00fcbersetzen wir die leisen Zwischent\u00f6ne menschlicher Emotionen in kraftvolle, messbare Gesch\u00e4ftsergebnisse.<\/p>\t\t\t\t\t\t\t\t<\/div>\n\t\t\t\t\t<\/div>\n\t\t\t\t<\/div>\n\t\t<div class=\"elementor-element elementor-element-4d20082 e-flex e-con-boxed e-con e-parent\" data-id=\"4d20082\" data-element_type=\"container\">\n\t\t\t\t\t<div class=\"e-con-inner\">\n\t\t<div class=\"elementor-element elementor-element-59c20e2c e-con-full e-flex e-con e-child\" data-id=\"59c20e2c\" data-element_type=\"container\">\n\t\t\t\t<div class=\"elementor-element elementor-element-1943c7c8 elementor-widget elementor-widget-image\" data-id=\"1943c7c8\" data-element_type=\"widget\" data-widget_type=\"image.default\">\n\t\t\t\t\t\t\t\t\t\t\t\t\t\t\t<img decoding=\"async\" width=\"720\" height=\"1080\" src=\"https:\/\/experience-media.com\/wp-content\/uploads\/2025\/09\/Benedikt-ExperienceMedia_lowres14.jpg\" class=\"attachment-full size-full wp-image-334\" alt=\"Benedikt Meyer-Schwickerath - Experience Media\" srcset=\"https:\/\/experience-media.com\/wp-content\/uploads\/2025\/09\/Benedikt-ExperienceMedia_lowres14.jpg 720w, https:\/\/experience-media.com\/wp-content\/uploads\/2025\/09\/Benedikt-ExperienceMedia_lowres14-200x300.jpg 200w, https:\/\/experience-media.com\/wp-content\/uploads\/2025\/09\/Benedikt-ExperienceMedia_lowres14-683x1024.jpg 683w\" sizes=\"(max-width: 720px) 100vw, 720px\" \/>\t\t\t\t\t\t\t\t\t\t\t\t\t\t\t<\/div>\n\t\t\t\t<div class=\"elementor-element elementor-element-2fd504b5 elementor-widget elementor-widget-heading\" data-id=\"2fd504b5\" data-element_type=\"widget\" data-widget_type=\"heading.default\">\n\t\t\t\t\t<h2 class=\"elementor-heading-title elementor-size-default\">Benedikt Meyer-Schwickerath<\/h2>\t\t\t\t<\/div>\n\t\t\t\t<div class=\"elementor-element elementor-element-7b004c53 elementor-widget elementor-widget-heading\" data-id=\"7b004c53\" data-element_type=\"widget\" data-widget_type=\"heading.default\">\n\t\t\t\t\t<h2 class=\"elementor-heading-title elementor-size-default\">Chief Technology Officer &amp; Co-Founder<\/h2>\t\t\t\t<\/div>\n\t\t\t\t<div class=\"elementor-element elementor-element-1b32f8d elementor-widget elementor-widget-heading\" data-id=\"1b32f8d\" data-element_type=\"widget\" data-widget_type=\"heading.default\">\n\t\t\t\t\t<h2 class=\"elementor-heading-title elementor-size-default\"><br>Medientechnik-Ingenieur mit Startup-Erfahrung. Passion f\u00fcr 'Moderne Technik, die funktioniert und Sinn stiftet'. Experte f\u00fcr technische Innovation.<br><br>\n<b>EXPERTISE:<br><\/b>\n\u2022 Technologische Konzeptentwicklung<br>\n\u2022 Software-Entwicklung<br>\n\u2022 Pre-Sales Engineering<br>\n\u2022 Startup-Innovation<\/h2>\t\t\t\t<\/div>\n\t\t\t\t<\/div>\n\t\t<div class=\"elementor-element elementor-element-51373d38 e-con-full e-flex e-con e-child\" data-id=\"51373d38\" data-element_type=\"container\">\n\t\t\t\t<div class=\"elementor-element elementor-element-3304b47a elementor-widget elementor-widget-image\" data-id=\"3304b47a\" data-element_type=\"widget\" data-widget_type=\"image.default\">\n\t\t\t\t\t\t\t\t\t\t\t\t\t\t\t<img decoding=\"async\" width=\"720\" height=\"1080\" src=\"https:\/\/experience-media.com\/wp-content\/uploads\/2025\/09\/MichaelaOttmann_ExperienceMedia_lowres38.jpg\" class=\"attachment-full size-full wp-image-335\" alt=\"Michaela Ottmann - Experience Media\" srcset=\"https:\/\/experience-media.com\/wp-content\/uploads\/2025\/09\/MichaelaOttmann_ExperienceMedia_lowres38.jpg 720w, https:\/\/experience-media.com\/wp-content\/uploads\/2025\/09\/MichaelaOttmann_ExperienceMedia_lowres38-200x300.jpg 200w, https:\/\/experience-media.com\/wp-content\/uploads\/2025\/09\/MichaelaOttmann_ExperienceMedia_lowres38-683x1024.jpg 683w\" sizes=\"(max-width: 720px) 100vw, 720px\" \/>\t\t\t\t\t\t\t\t\t\t\t\t\t\t\t<\/div>\n\t\t\t\t<div class=\"elementor-element elementor-element-779b6287 elementor-widget elementor-widget-heading\" data-id=\"779b6287\" data-element_type=\"widget\" data-widget_type=\"heading.default\">\n\t\t\t\t\t<h2 class=\"elementor-heading-title elementor-size-default\">Michaela Ottmann<\/h2>\t\t\t\t<\/div>\n\t\t\t\t<div class=\"elementor-element elementor-element-489b93c9 elementor-widget elementor-widget-heading\" data-id=\"489b93c9\" data-element_type=\"widget\" data-widget_type=\"heading.default\">\n\t\t\t\t\t<h2 class=\"elementor-heading-title elementor-size-default\">Chief Creative Officer &amp; Co-Founder<\/h2>\t\t\t\t<\/div>\n\t\t\t\t<div class=\"elementor-element elementor-element-222d520 elementor-widget elementor-widget-heading\" data-id=\"222d520\" data-element_type=\"widget\" data-widget_type=\"heading.default\">\n\t\t\t\t\t<h2 class=\"elementor-heading-title elementor-size-default\"><br>25 Jahre AV-Branche aus allen Perspektiven. Spezialisierung auf Embodiment und Psychologie. Expertin f\u00fcr emotionale Markenerlebnisse.<br><br>\n<b>EXPERTISE:<br><\/b>\n\u2022 Emotionale Markenerlebnisse<br>\n\u2022 Internationaler Vertrieb<br>\n\u2022 Embodiment &amp; Psychologie<br>\n\u2022 Kreative Konzeptentwicklung<\/h2>\t\t\t\t<\/div>\n\t\t\t\t<\/div>\n\t\t<div class=\"elementor-element elementor-element-12a54307 e-con-full e-flex e-con e-child\" data-id=\"12a54307\" data-element_type=\"container\">\n\t\t\t\t<div class=\"elementor-element elementor-element-6a7cb554 elementor-widget elementor-widget-image\" data-id=\"6a7cb554\" data-element_type=\"widget\" data-widget_type=\"image.default\">\n\t\t\t\t\t\t\t\t\t\t\t\t\t\t\t<img loading=\"lazy\" decoding=\"async\" width=\"720\" height=\"1080\" src=\"https:\/\/experience-media.com\/wp-content\/uploads\/2025\/09\/Stefan-ExperienceMedia_lowres16.jpg\" class=\"attachment-full size-full wp-image-336\" alt=\"Stefan Pagenkemper - Experience Media\" srcset=\"https:\/\/experience-media.com\/wp-content\/uploads\/2025\/09\/Stefan-ExperienceMedia_lowres16.jpg 720w, https:\/\/experience-media.com\/wp-content\/uploads\/2025\/09\/Stefan-ExperienceMedia_lowres16-200x300.jpg 200w, https:\/\/experience-media.com\/wp-content\/uploads\/2025\/09\/Stefan-ExperienceMedia_lowres16-683x1024.jpg 683w\" sizes=\"(max-width: 720px) 100vw, 720px\" \/>\t\t\t\t\t\t\t\t\t\t\t\t\t\t\t<\/div>\n\t\t\t\t<div class=\"elementor-element elementor-element-501d6959 elementor-widget elementor-widget-heading\" data-id=\"501d6959\" data-element_type=\"widget\" data-widget_type=\"heading.default\">\n\t\t\t\t\t<h2 class=\"elementor-heading-title elementor-size-default\">Stefan Pagenkemper<\/h2>\t\t\t\t<\/div>\n\t\t\t\t<div class=\"elementor-element elementor-element-29cb42d6 elementor-widget elementor-widget-heading\" data-id=\"29cb42d6\" data-element_type=\"widget\" data-widget_type=\"heading.default\">\n\t\t\t\t\t<h2 class=\"elementor-heading-title elementor-size-default\">Chief Experience Strategist &amp; Co-Founder<\/h2>\t\t\t\t<\/div>\n\t\t\t\t<div class=\"elementor-element elementor-element-231da50 elementor-widget elementor-widget-heading\" data-id=\"231da50\" data-element_type=\"widget\" data-widget_type=\"heading.default\">\n\t\t\t\t\t<h2 class=\"elementor-heading-title elementor-size-default\"><br>40 Jahre Medientechnik-Erfahrung, 20 Jahre F\u00fchrungsverantwortung. Aufbau eines der gr\u00f6\u00dften Digital Signage Netzwerke Deutschlands. Spezialist f\u00fcr strategische Konzeptentwicklung.<br><br>\n<b>EXPERTISE:<br><\/b>\n\u2022 Strategische Erlebniskonzepte<br>\n\u2022 Interdisziplin\u00e4re Teamf\u00fchrung<br>\n\u2022 Retail- und Event-Branche<br>\n\u2022 Thought Leadership<\/h2>\t\t\t\t<\/div>\n\t\t\t\t<\/div>\n\t\t\t\t\t<\/div>\n\t\t\t\t<\/div>\n\t\t<div class=\"elementor-element elementor-element-a0356c9 e-flex e-con-boxed e-con e-parent\" data-id=\"a0356c9\" data-element_type=\"container\" data-settings=\"{&quot;background_background&quot;:&quot;classic&quot;}\">\n\t\t\t\t\t<div class=\"e-con-inner\">\n\t\t<div class=\"elementor-element elementor-element-7418de3 e-con-full e-flex e-con e-child\" data-id=\"7418de3\" data-element_type=\"container\">\n\t\t\t\t<div class=\"elementor-element elementor-element-6769ed6 elementor-invisible elementor-widget elementor-widget-heading\" data-id=\"6769ed6\" data-element_type=\"widget\" data-settings=\"{&quot;_animation&quot;:&quot;fadeInUp&quot;,&quot;_animation_delay&quot;:100}\" data-widget_type=\"heading.default\">\n\t\t\t\t\t<h4 class=\"elementor-heading-title elementor-size-default\">Lassen Sie uns Ihre Vision in ein Erlebnis verwandeln<\/h4>\t\t\t\t<\/div>\n\t\t\t\t<\/div>\n\t\t<div class=\"elementor-element elementor-element-60e012e e-con-full e-flex e-con e-child\" data-id=\"60e012e\" data-element_type=\"container\">\n\t\t\t\t<div class=\"elementor-element elementor-element-412cf48 elementor-invisible elementor-widget elementor-widget-text-editor\" data-id=\"412cf48\" data-element_type=\"widget\" data-settings=\"{&quot;_animation&quot;:&quot;fadeInUp&quot;,&quot;_animation_delay&quot;:100}\" data-widget_type=\"text-editor.default\">\n\t\t\t\t\t\t\t\t\t<p>Jedes gro\u00dfe Erlebnis beginnt mit einem Gespr\u00e4ch. Erz\u00e4hlen Sie uns von Ihren Ideen, Herausforderungen und Zielen.<\/p><p>Wir h\u00f6ren zu, verstehen Ihre Bed\u00fcrfnisse und entwickeln gemeinsam Konzepte, die Ihre Kunden wirklich ber\u00fchren und Ihr Unternehmen voranbringen.<\/p>\t\t\t\t\t\t\t\t<\/div>\n\t\t\t\t<div class=\"elementor-element elementor-element-dc6ea2e elementor-invisible elementor-widget elementor-widget-button\" data-id=\"dc6ea2e\" data-element_type=\"widget\" data-settings=\"{&quot;_animation&quot;:&quot;fadeInUp&quot;,&quot;_animation_delay&quot;:100}\" data-widget_type=\"button.default\">\n\t\t\t\t\t\t\t\t\t\t<a class=\"elementor-button elementor-button-link elementor-size-sm\" href=\"https:\/\/experience-media.com\/kontakt\">\n\t\t\t\t\t\t<span class=\"elementor-button-content-wrapper\">\n\t\t\t\t\t\t\t\t\t<span class=\"elementor-button-text\">Gespr\u00e4ch vereinbaren<\/span>\n\t\t\t\t\t<\/span>\n\t\t\t\t\t<\/a>\n\t\t\t\t\t\t\t\t<\/div>\n\t\t\t\t<\/div>\n\t\t\t\t\t<\/div>\n\t\t\t\t<\/div>\n\t\t<div class=\"elementor-element elementor-element-2c68118 e-flex e-con-boxed e-con e-parent\" data-id=\"2c68118\" data-element_type=\"container\">\n\t\t\t\t\t<div class=\"e-con-inner\">\n\t\t<div class=\"elementor-element elementor-element-2335d8c e-con-full e-flex e-con e-child\" data-id=\"2335d8c\" data-element_type=\"container\">\n\t\t\t\t<\/div>\n\t\t\t\t\t<\/div>\n\t\t\t\t<\/div>\n\t\t\t\t<\/div>\n\t\t","protected":false},"excerpt":{"rendered":"<p>Von der Emotion zur Technologie \u2013 nicht umgekehrt Wir sind keine klassischen Berater. Wir sind \u00dcbersetzer zwischen Welten &#8211; Erlebnisingenieure: Zwischen Emotion und Technologie, zwischen Vision und Umsetzung, zwischen dem, was Kunden f\u00fchlen sollen, und dem, was technisch m\u00f6glich ist. Unser Ziel Drei Welten, eine Vision: Technologie, die Menschen ber\u00fchrt Wir erschaffen den magischen Moment, [&hellip;]<\/p>\n","protected":false},"author":1,"featured_media":0,"parent":0,"menu_order":0,"comment_status":"closed","ping_status":"closed","template":"elementor_header_footer","meta":{"footnotes":""},"class_list":["post-186","page","type-page","status-publish","hentry"],"_links":{"self":[{"href":"https:\/\/experience-media.com\/en\/wp-json\/wp\/v2\/pages\/186","targetHints":{"allow":["GET"]}}],"collection":[{"href":"https:\/\/experience-media.com\/en\/wp-json\/wp\/v2\/pages"}],"about":[{"href":"https:\/\/experience-media.com\/en\/wp-json\/wp\/v2\/types\/page"}],"author":[{"embeddable":true,"href":"https:\/\/experience-media.com\/en\/wp-json\/wp\/v2\/users\/1"}],"replies":[{"embeddable":true,"href":"https:\/\/experience-media.com\/en\/wp-json\/wp\/v2\/comments?post=186"}],"version-history":[{"count":55,"href":"https:\/\/experience-media.com\/en\/wp-json\/wp\/v2\/pages\/186\/revisions"}],"predecessor-version":[{"id":786,"href":"https:\/\/experience-media.com\/en\/wp-json\/wp\/v2\/pages\/186\/revisions\/786"}],"wp:attachment":[{"href":"https:\/\/experience-media.com\/en\/wp-json\/wp\/v2\/media?parent=186"}],"curies":[{"name":"wp","href":"https:\/\/api.w.org\/{rel}","templated":true}]}}